{"id":327,"date":"2019-06-19T13:24:55","date_gmt":"2019-06-19T11:24:55","guid":{"rendered":"https:\/\/hiberniakindergarten.de\/?page_id=327"},"modified":"2026-02-21T23:09:44","modified_gmt":"2026-02-21T22:09:44","slug":"ueber-uns","status":"publish","type":"page","link":"https:\/\/hiberniakindergarten.de\/?page_id=327","title":{"rendered":"\u00dcber uns"},"content":{"rendered":"\t\t<div data-elementor-type=\"wp-page\" data-elementor-id=\"327\" class=\"elementor elementor-327\">\n\t\t\t\t\t\t<section class=\"elementor-section elementor-top-section elementor-element elementor-element-be3376a elementor-section-stretched elementor-section-full_width elementor-section-height-default elementor-section-height-default\" data-id=\"be3376a\" data-element_type=\"section\" data-e-type=\"section\" data-settings=\"{&quot;stretch_section&quot;:&quot;section-stretched&quot;}\">\n\t\t\t\t\t\t<div class=\"elementor-container elementor-column-gap-no\">\n\t\t\t\t\t<div class=\"elementor-column elementor-col-100 elementor-top-column elementor-element elementor-element-216dddd\" data-id=\"216dddd\" data-element_type=\"column\" data-e-type=\"column\">\n\t\t\t<div class=\"elementor-widget-wrap elementor-element-populated\">\n\t\t\t\t\t\t<div class=\"elementor-element elementor-element-7b852ac elementor-widget elementor-widget-template\" data-id=\"7b852ac\" data-element_type=\"widget\" data-e-type=\"widget\" data-widget_type=\"template.default\">\n\t\t\t\t<div class=\"elementor-widget-container\">\n\t\t\t\t\t\t\t<div class=\"elementor-template\">\n\t\t\t\t\t<div data-elementor-type=\"section\" data-elementor-id=\"211\" class=\"elementor elementor-211\">\n\t\t\t\t\t<div class=\"elementor-section-wrap\">\n\t\t\t\t\t\t\t\t<section class=\"elementor-section elementor-top-section elementor-element elementor-element-45a8de3a elementor-section-content-middle elementor-section-boxed elementor-section-height-default elementor-section-height-default\" data-id=\"45a8de3a\" data-element_type=\"section\" data-e-type=\"section\" data-settings=\"{&quot;background_background&quot;:&quot;gradient&quot;,&quot;shape_divider_bottom&quot;:&quot;waves&quot;,&quot;shape_divider_bottom_negative&quot;:&quot;yes&quot;}\">\n\t\t\t\t\t<div class=\"elementor-shape elementor-shape-bottom\" aria-hidden=\"true\" data-negative=\"true\">\n\t\t\t<svg xmlns=\"http:\/\/www.w3.org\/2000\/svg\" viewBox=\"0 0 1000 100\" preserveAspectRatio=\"none\">\n\t<path class=\"elementor-shape-fill\" d=\"M790.5,93.1c-59.3-5.3-116.8-18-192.6-50c-29.6-12.7-76.9-31-100.5-35.9c-23.6-4.9-52.6-7.8-75.5-5.3\n\tc-10.2,1.1-22.6,1.4-50.1,7.4c-27.2,6.3-58.2,16.6-79.4,24.7c-41.3,15.9-94.9,21.9-134,22.6C72,58.2,0,25.8,0,25.8V100h1000V65.3\n\tc0,0-51.5,19.4-106.2,25.7C839.5,97,814.1,95.2,790.5,93.1z\"\/>\n<\/svg>\t\t<\/div>\n\t\t\t\t\t<div class=\"elementor-container elementor-column-gap-default\">\n\t\t\t\t\t<div class=\"elementor-column elementor-col-100 elementor-top-column elementor-element elementor-element-1c3dd4ed\" data-id=\"1c3dd4ed\" data-element_type=\"column\" data-e-type=\"column\">\n\t\t\t<div class=\"elementor-widget-wrap elementor-element-populated\">\n\t\t\t\t\t\t<div class=\"elementor-element elementor-element-361825ef elementor-widget elementor-widget-heading\" data-id=\"361825ef\" data-element_type=\"widget\" data-e-type=\"widget\" data-widget_type=\"heading.default\">\n\t\t\t\t<div class=\"elementor-widget-container\">\n\t\t\t\t\t<h1 class=\"elementor-heading-title elementor-size-default\">\u00dcber uns<\/h1>\t\t\t\t<\/div>\n\t\t\t\t<\/div>\n\t\t\t\t\t<\/div>\n\t\t<\/div>\n\t\t\t\t\t<\/div>\n\t\t<\/section>\n\t\t\t\t\t\t\t<\/div>\n\t\t\t\t<\/div>\n\t\t\t\t<\/div>\n\t\t\t\t\t\t<\/div>\n\t\t\t\t<\/div>\n\t\t\t\t\t<\/div>\n\t\t<\/div>\n\t\t\t\t\t<\/div>\n\t\t<\/section>\n\t\t\t\t<section class=\"elementor-section elementor-top-section elementor-element elementor-element-f705066 elementor-section-content-middle elementor-section-boxed elementor-section-height-default elementor-section-height-default\" data-id=\"f705066\" data-element_type=\"section\" data-e-type=\"section\">\n\t\t\t\t\t\t<div class=\"elementor-container elementor-column-gap-no\">\n\t\t\t\t\t<div class=\"elementor-column elementor-col-100 elementor-top-column elementor-element elementor-element-eec5d5e\" data-id=\"eec5d5e\" data-element_type=\"column\" data-e-type=\"column\">\n\t\t\t<div class=\"elementor-widget-wrap elementor-element-populated\">\n\t\t\t\t\t\t<div class=\"elementor-element elementor-element-a06baa2 elementor-widget elementor-widget-image\" data-id=\"a06baa2\" data-element_type=\"widget\" data-e-type=\"widget\" data-widget_type=\"image.default\">\n\t\t\t\t<div class=\"elementor-widget-container\">\n\t\t\t\t\t\t\t\t\t\t\t\t\t\t\t<img fetchpriority=\"high\" decoding=\"async\" width=\"750\" height=\"161\" src=\"https:\/\/hiberniakindergarten.de\/wp-content\/uploads\/2019\/06\/header-1.jpg\" class=\"attachment-full size-full wp-image-241\" alt=\"\" \/>\t\t\t\t\t\t\t\t\t\t\t\t\t\t\t<\/div>\n\t\t\t\t<\/div>\n\t\t\t\t<div class=\"elementor-element elementor-element-4f6c218 elementor-widget-divider--view-line elementor-widget elementor-widget-divider\" data-id=\"4f6c218\" data-element_type=\"widget\" data-e-type=\"widget\" data-widget_type=\"divider.default\">\n\t\t\t\t<div class=\"elementor-widget-container\">\n\t\t\t\t\t\t\t<div class=\"elementor-divider\">\n\t\t\t<span class=\"elementor-divider-separator\">\n\t\t\t\t\t\t<\/span>\n\t\t<\/div>\n\t\t\t\t\t\t<\/div>\n\t\t\t\t<\/div>\n\t\t\t\t<div class=\"elementor-element elementor-element-2d3c8f4 elementor-widget elementor-widget-text-editor\" data-id=\"2d3c8f4\" data-element_type=\"widget\" data-e-type=\"widget\" data-widget_type=\"text-editor.default\">\n\t\t\t\t<div class=\"elementor-widget-container\">\n\t\t\t\t\t\t\t\t\t<p>Der Hibernia-Kindergarten ist eine waldorfp\u00e4dagogische Einrichtung, in der Kinder vor der Schulreife in einer kindgerechten Atmosph\u00e4re den Tages-, Wochen- und Jahreslauf erleben. Die\u00a0<a href=\"https:\/\/hiberniakindergarten.de\/?page_id=269\" data-wplink-edit=\"true\">Erzieher<\/a> orientieren sich dabei stark an der Natur mit den verschiedenen Jahreszeiten und Festen.\u00a0<\/p>\t\t\t\t\t\t\t\t<\/div>\n\t\t\t\t<\/div>\n\t\t\t\t<div class=\"elementor-element elementor-element-bfa86ac elementor-widget elementor-widget-heading\" data-id=\"bfa86ac\" data-element_type=\"widget\" data-e-type=\"widget\" data-widget_type=\"heading.default\">\n\t\t\t\t<div class=\"elementor-widget-container\">\n\t\t\t\t\t<h2 class=\"elementor-heading-title elementor-size-default\">F\u00f6rderung der Phantasie<\/h2>\t\t\t\t<\/div>\n\t\t\t\t<\/div>\n\t\t\t\t<div class=\"elementor-element elementor-element-b933d5f elementor-widget elementor-widget-text-editor\" data-id=\"b933d5f\" data-element_type=\"widget\" data-e-type=\"widget\" data-widget_type=\"text-editor.default\">\n\t\t\t\t<div class=\"elementor-widget-container\">\n\t\t\t\t\t\t\t\t\t<p>Wir verstehen unsere Aufgabe darin, den Kindern einen wesens- und altersgem\u00e4\u00dfen Entwicklungsraum zu schaffen. Dieser soll individuelle Entfaltungsm\u00f6glichkeiten und soziale Gemeinschaftsbildung erm\u00f6glichen. Die Kinder sollen die M\u00f6glichkeit haben, sich nach ihren Begabungen und Neigungen zu entwickeln. Grundlage unseres p\u00e4dagogischen Verst\u00e4ndnisses ist die anthroposophische Menschenkunde und die daraus hervorgehende Waldorf-P\u00e4dagogik. Durch sinnvolle, durchschaubare T\u00e4tigkeiten st\u00e4rken wir die Pers\u00f6nlichkeit des Kindes und f\u00f6rdern die Phantasie f\u00fcr ein kreatives Spiel durch urspr\u00fcngliches nat\u00fcrliches Spielzeug. Sinnvolle Handlungen in der Umgebung des Kindes regen das Gehirn zur T\u00e4tigkeit an, f\u00f6rdern die Vorstellungskraft des Kindes und bilden die Grundlage, um im Schulalter intellektuelle Inhalte aufzunehmen. Ausz\u00fcge aus unserem\u00a0Konzept\u00a0geben Ihnen einen kleinen Einblick in unsere t\u00e4gliche Arbeit, sowie einen \u00dcberblick \u00fcber unser\u00a0<a href=\"https:\/\/hiberniakindergarten.de\/?page_id=258\">Betreuungsangebot<\/a>.<\/p>\t\t\t\t\t\t\t\t<\/div>\n\t\t\t\t<\/div>\n\t\t\t\t<div class=\"elementor-element elementor-element-631dd55 elementor-widget elementor-widget-heading\" data-id=\"631dd55\" data-element_type=\"widget\" data-e-type=\"widget\" data-widget_type=\"heading.default\">\n\t\t\t\t<div class=\"elementor-widget-container\">\n\t\t\t\t\t<h2 class=\"elementor-heading-title elementor-size-default\">Betreuung und Mitarbeit<\/h2>\t\t\t\t<\/div>\n\t\t\t\t<\/div>\n\t\t\t\t<div class=\"elementor-element elementor-element-7284835 elementor-widget elementor-widget-text-editor\" data-id=\"7284835\" data-element_type=\"widget\" data-e-type=\"widget\" data-widget_type=\"text-editor.default\">\n\t\t\t\t<div class=\"elementor-widget-container\">\n\t\t\t\t\t\t\t\t\t<p>Wir betreuen Kinder in f\u00fcnf Gruppen, in einer davon Kinder unter zwei Jahre. Der Hibernia-Kindergarten ist eine Elterninitative. Ein Ort des Miteinanders ist zum Beispiel der Basarkreis. <a href=\"https:\/\/hiberniakindergarten.de\/?page_id=272\">Vorstand\u00a0und\u00a0Elternrat<\/a> setzen sich zudem aus M\u00fcttern und V\u00e4tern zusammen und sind entscheidende Organe unseres Hauses. In unseren Service-Bereichen finden Sie zudem das <a href=\"http:\/\/hiberniakindergarten.de\/wp-content\/uploads\/2019\/06\/anmeldeformular.pdf\" target=\"_blank\" rel=\"noopener\">Anmeldeformular<\/a>, Beitragsinformationen, Termine und alle Zahlen, Daten, Fakten zu unserem Haus. Wir freuen uns, auch Sie kennenzulernen. F\u00fcr Fragen oder Anmerkungen stehen wir Ihnen gerne telefonisch zur Verf\u00fcgung. Oder schreiben Sie uns einfach eine E-Mail.<\/p>\t\t\t\t\t\t\t\t<\/div>\n\t\t\t\t<\/div>\n\t\t\t\t<div class=\"elementor-element elementor-element-091fd5c elementor-widget elementor-widget-button\" data-id=\"091fd5c\" data-element_type=\"widget\" data-e-type=\"widget\" data-widget_type=\"button.default\">\n\t\t\t\t<div class=\"elementor-widget-container\">\n\t\t\t\t\t\t\t\t\t<div class=\"elementor-button-wrapper\">\n\t\t\t\t\t<a class=\"elementor-button elementor-button-link elementor-size-sm elementor-animation-grow\" href=\"#\">\n\t\t\t\t\t\t<span class=\"elementor-button-content-wrapper\">\n\t\t\t\t\t\t<span class=\"elementor-button-icon\">\n\t\t\t\t\t\t\t\t\t<i class=\"fa fa-phone\" aria-hidden=\"true\"><\/i>\n\t\t\t\t\t\t\t<\/span>\n\t\t\t\t\t\t\t\t\t<span class=\"elementor-button-text\">Kontakt aufnehmen<\/span>\n\t\t\t\t\t<\/span>\n\t\t\t\t\t<\/a>\n\t\t\t\t<\/div>\n\t\t\t\t\t\t\t\t<\/div>\n\t\t\t\t<\/div>\n\t\t\t\t\t<\/div>\n\t\t<\/div>\n\t\t\t\t\t<\/div>\n\t\t<\/section>\n\t\t\t\t<\/div>\n\t\t","protected":false},"excerpt":{"rendered":"<p>Der Hibernia-Kindergarten ist eine waldorfp\u00e4dagogische Einrichtung, in der Kinder vor der Schulreife in einer kindgerechten Atmosph\u00e4re den Tages-, Wochen- und Jahreslauf erleben. Die\u00a0Erzieher orientieren sich dabei stark an der Natur mit den verschiedenen Jahreszeiten und Festen.\u00a0 F\u00f6rderung der Phantasie Wir verstehen unsere Aufgabe darin, den Kindern einen wesens- und altersgem\u00e4\u00dfen Entwicklungsraum zu schaffen. Dieser soll [&hellip;]<\/p>\n","protected":false},"author":1,"featured_media":0,"parent":0,"menu_order":0,"comment_status":"closed","ping_status":"open","template":"","meta":{"footnotes":""},"class_list":["post-327","page","type-page","status-publish","hentry"],"_links":{"self":[{"href":"https:\/\/hiberniakindergarten.de\/index.php?rest_route=\/wp\/v2\/pages\/327","targetHints":{"allow":["GET"]}}],"collection":[{"href":"https:\/\/hiberniakindergarten.de\/index.php?rest_route=\/wp\/v2\/pages"}],"about":[{"href":"https:\/\/hiberniakindergarten.de\/index.php?rest_route=\/wp\/v2\/types\/page"}],"author":[{"embeddable":true,"href":"https:\/\/hiberniakindergarten.de\/index.php?rest_route=\/wp\/v2\/users\/1"}],"replies":[{"embeddable":true,"href":"https:\/\/hiberniakindergarten.de\/index.php?rest_route=%2Fwp%2Fv2%2Fcomments&post=327"}],"version-history":[{"count":32,"href":"https:\/\/hiberniakindergarten.de\/index.php?rest_route=\/wp\/v2\/pages\/327\/revisions"}],"predecessor-version":[{"id":2564,"href":"https:\/\/hiberniakindergarten.de\/index.php?rest_route=\/wp\/v2\/pages\/327\/revisions\/2564"}],"wp:attachment":[{"href":"https:\/\/hiberniakindergarten.de\/index.php?rest_route=%2Fwp%2Fv2%2Fmedia&parent=327"}],"curies":[{"name":"wp","href":"https:\/\/api.w.org\/{rel}","templated":true}]}}