{"id":321,"date":"2019-06-19T13:15:06","date_gmt":"2019-06-19T11:15:06","guid":{"rendered":"https:\/\/hiberniakindergarten.de\/?page_id=321"},"modified":"2026-03-17T11:56:02","modified_gmt":"2026-03-17T10:56:02","slug":"startseite","status":"publish","type":"page","link":"https:\/\/hiberniakindergarten.de\/","title":{"rendered":"Der Hibernia Kindergarten"},"content":{"rendered":"\t\t<div data-elementor-type=\"wp-post\" data-elementor-id=\"321\" class=\"elementor elementor-321\">\n\t\t\t\t\t\t<section class=\"elementor-section elementor-top-section elementor-element elementor-element-380ecc2 elementor-section-content-middle elementor-section-boxed elementor-section-height-default elementor-section-height-default\" data-id=\"380ecc2\" data-element_type=\"section\" data-e-type=\"section\" data-settings=\"{&quot;background_background&quot;:&quot;gradient&quot;,&quot;shape_divider_bottom&quot;:&quot;waves&quot;,&quot;shape_divider_bottom_negative&quot;:&quot;yes&quot;}\">\n\t\t\t\t\t<div class=\"elementor-shape elementor-shape-bottom\" aria-hidden=\"true\" data-negative=\"true\">\n\t\t\t<svg xmlns=\"http:\/\/www.w3.org\/2000\/svg\" viewBox=\"0 0 1000 100\" preserveAspectRatio=\"none\">\n\t<path class=\"elementor-shape-fill\" d=\"M790.5,93.1c-59.3-5.3-116.8-18-192.6-50c-29.6-12.7-76.9-31-100.5-35.9c-23.6-4.9-52.6-7.8-75.5-5.3\n\tc-10.2,1.1-22.6,1.4-50.1,7.4c-27.2,6.3-58.2,16.6-79.4,24.7c-41.3,15.9-94.9,21.9-134,22.6C72,58.2,0,25.8,0,25.8V100h1000V65.3\n\tc0,0-51.5,19.4-106.2,25.7C839.5,97,814.1,95.2,790.5,93.1z\"\/>\n<\/svg>\t\t<\/div>\n\t\t\t\t\t<div class=\"elementor-container elementor-column-gap-default\">\n\t\t\t\t\t<div class=\"elementor-column elementor-col-100 elementor-top-column elementor-element elementor-element-3942e24\" data-id=\"3942e24\" data-element_type=\"column\" data-e-type=\"column\">\n\t\t\t<div class=\"elementor-widget-wrap elementor-element-populated\">\n\t\t\t\t\t\t<div class=\"elementor-element elementor-element-10560e2 elementor-widget elementor-widget-heading\" data-id=\"10560e2\" data-element_type=\"widget\" data-e-type=\"widget\" data-widget_type=\"heading.default\">\n\t\t\t\t<div class=\"elementor-widget-container\">\n\t\t\t\t\t<h1 class=\"elementor-heading-title elementor-size-default\">Der Hibernia Kindergarten<\/h1>\t\t\t\t<\/div>\n\t\t\t\t<\/div>\n\t\t\t\t\t<\/div>\n\t\t<\/div>\n\t\t\t\t\t<\/div>\n\t\t<\/section>\n\t\t\t\t<section class=\"elementor-section elementor-top-section elementor-element elementor-element-f705066 elementor-section-content-middle elementor-section-boxed elementor-section-height-default elementor-section-height-default\" data-id=\"f705066\" data-element_type=\"section\" data-e-type=\"section\">\n\t\t\t\t\t\t<div class=\"elementor-container elementor-column-gap-no\">\n\t\t\t\t\t<div class=\"elementor-column elementor-col-100 elementor-top-column elementor-element elementor-element-eec5d5e\" data-id=\"eec5d5e\" data-element_type=\"column\" data-e-type=\"column\">\n\t\t\t<div class=\"elementor-widget-wrap elementor-element-populated\">\n\t\t\t\t\t\t<div class=\"elementor-element elementor-element-a06baa2 elementor-widget elementor-widget-image\" data-id=\"a06baa2\" data-element_type=\"widget\" data-e-type=\"widget\" data-widget_type=\"image.default\">\n\t\t\t\t<div class=\"elementor-widget-container\">\n\t\t\t\t\t\t\t\t\t\t\t\t\t\t\t<img fetchpriority=\"high\" decoding=\"async\" width=\"750\" height=\"161\" src=\"http:\/\/hiberniakindergarten.de\/wp-content\/uploads\/2019\/06\/header-1.jpg\" class=\"attachment-full size-full wp-image-241\" alt=\"\" \/>\t\t\t\t\t\t\t\t\t\t\t\t\t\t\t<\/div>\n\t\t\t\t<\/div>\n\t\t\t\t<div class=\"elementor-element elementor-element-4f6c218 elementor-widget-divider--view-line elementor-widget elementor-widget-divider\" data-id=\"4f6c218\" data-element_type=\"widget\" data-e-type=\"widget\" data-widget_type=\"divider.default\">\n\t\t\t\t<div class=\"elementor-widget-container\">\n\t\t\t\t\t\t\t<div class=\"elementor-divider\">\n\t\t\t<span class=\"elementor-divider-separator\">\n\t\t\t\t\t\t<\/span>\n\t\t<\/div>\n\t\t\t\t\t\t<\/div>\n\t\t\t\t<\/div>\n\t\t\t\t<div class=\"elementor-element elementor-element-2d3c8f4 elementor-widget elementor-widget-text-editor\" data-id=\"2d3c8f4\" data-element_type=\"widget\" data-e-type=\"widget\" data-widget_type=\"text-editor.default\">\n\t\t\t\t<div class=\"elementor-widget-container\">\n\t\t\t\t\t\t\t\t\t<p>Der Hibernia-Kindergarten ist eine waldorfp\u00e4dagogische Einrichtung, in der Kinder vor der Schulreife in einer kindgerechten Atmosph\u00e4re den Tages-, Wochen- und Jahreslauf erleben. Die Erzieher orientieren sich dabei stark an der Natur mit den verschiedenen Jahreszeiten und Festen.<\/p>\t\t\t\t\t\t\t\t<\/div>\n\t\t\t\t<\/div>\n\t\t\t\t<div class=\"elementor-element elementor-element-6fd84eb elementor-widget elementor-widget-heading\" data-id=\"6fd84eb\" data-element_type=\"widget\" data-e-type=\"widget\" data-widget_type=\"heading.default\">\n\t\t\t\t<div class=\"elementor-widget-container\">\n\t\t\t\t\t<h2 class=\"elementor-heading-title elementor-size-default\">F\u00f6rderung der Phantasie<\/h2>\t\t\t\t<\/div>\n\t\t\t\t<\/div>\n\t\t\t\t<div class=\"elementor-element elementor-element-b933d5f elementor-widget elementor-widget-text-editor\" data-id=\"b933d5f\" data-element_type=\"widget\" data-e-type=\"widget\" data-widget_type=\"text-editor.default\">\n\t\t\t\t<div class=\"elementor-widget-container\">\n\t\t\t\t\t\t\t\t\t<p>Wir verstehen unsere Aufgabe darin, den Kindern einen wesens- und altersgem\u00e4\u00dfen Entwicklungsraum zu schaffen. Dieser soll individuelle Entfaltungsm\u00f6glichkeiten und soziale Gemeinschaftsbildung erm\u00f6glichen. Die Kinder sollen die M\u00f6glichkeit haben, sich nach ihren Begabungen und Neigungen zu entwickeln. Lesen Sie mehr\u00a0<a href=\"https:\/\/hiberniakindergarten.de\/?page_id=327\" target=\"_self\">\u00fcber uns<\/a>.<\/p>\t\t\t\t\t\t\t\t<\/div>\n\t\t\t\t<\/div>\n\t\t\t\t\t<\/div>\n\t\t<\/div>\n\t\t\t\t\t<\/div>\n\t\t<\/section>\n\t\t\t\t<section class=\"elementor-section elementor-top-section elementor-element elementor-element-a2ab05e elementor-section-content-middle elementor-section-boxed elementor-section-height-default elementor-section-height-default\" data-id=\"a2ab05e\" data-element_type=\"section\" data-e-type=\"section\">\n\t\t\t\t\t\t<div class=\"elementor-container elementor-column-gap-no\">\n\t\t\t\t\t<div class=\"elementor-column elementor-col-100 elementor-top-column elementor-element elementor-element-452ec81\" data-id=\"452ec81\" data-element_type=\"column\" data-e-type=\"column\">\n\t\t\t<div class=\"elementor-widget-wrap elementor-element-populated\">\n\t\t\t\t\t\t<section class=\"elementor-section elementor-inner-section elementor-element elementor-element-3a66206 elementor-section-boxed elementor-section-height-default elementor-section-height-default\" data-id=\"3a66206\" data-element_type=\"section\" data-e-type=\"section\">\n\t\t\t\t\t\t<div class=\"elementor-container elementor-column-gap-default\">\n\t\t\t\t\t<div class=\"elementor-column elementor-col-100 elementor-inner-column elementor-element elementor-element-c6624a5\" data-id=\"c6624a5\" data-element_type=\"column\" data-e-type=\"column\">\n\t\t\t<div class=\"elementor-widget-wrap elementor-element-populated\">\n\t\t\t\t\t\t<div class=\"elementor-element elementor-element-db79300 elementor-blockquote--button-color-custom elementor-blockquote--skin-border elementor-widget elementor-widget-blockquote\" data-id=\"db79300\" data-element_type=\"widget\" data-e-type=\"widget\" data-widget_type=\"blockquote.default\">\n\t\t\t\t<div class=\"elementor-widget-container\">\n\t\t\t\t\t\t\t<blockquote class=\"elementor-blockquote\">\n\t\t\t<p class=\"elementor-blockquote__content\">\n\t\t\t\tRichte jede Deiner Taten, jedes Deiner Worte so ein,\ndass durch Dich in keines Menschen freien Willensentschluss eingegriffen wird.\nDurchdringe Dich mit Phantasief\u00e4higkeit,\nhabe den Mut zur Wahrheit.\nSch\u00e4rfe Dein Gef\u00fchl f\u00fcr seelische Verantwortlichkeit.\n\t\t\t<\/p>\n\t\t\t\t\t\t\t<div class=\"e-q-footer\">\n\t\t\t\t\t\t\t\t\t\t\t<cite class=\"elementor-blockquote__author\">Rudolf Steiner<\/cite>\n\t\t\t\t\t\t\t\t\t\t\t\t\t\t<\/div>\n\t\t\t\t\t<\/blockquote>\n\t\t\t\t\t\t<\/div>\n\t\t\t\t<\/div>\n\t\t\t\t\t<\/div>\n\t\t<\/div>\n\t\t\t\t\t<\/div>\n\t\t<\/section>\n\t\t\t\t\t<\/div>\n\t\t<\/div>\n\t\t\t\t\t<\/div>\n\t\t<\/section>\n\t\t\t\t<section class=\"elementor-section elementor-top-section elementor-element elementor-element-4245641 elementor-section-boxed elementor-section-height-default elementor-section-height-default\" data-id=\"4245641\" data-element_type=\"section\" data-e-type=\"section\">\n\t\t\t\t\t\t<div class=\"elementor-container elementor-column-gap-default\">\n\t\t\t\t\t<div class=\"elementor-column elementor-col-33 elementor-top-column elementor-element elementor-element-b804538\" data-id=\"b804538\" data-element_type=\"column\" data-e-type=\"column\">\n\t\t\t<div class=\"elementor-widget-wrap elementor-element-populated\">\n\t\t\t\t\t\t<div class=\"elementor-element elementor-element-5764ede elementor-widget elementor-widget-image\" data-id=\"5764ede\" data-element_type=\"widget\" data-e-type=\"widget\" data-widget_type=\"image.default\">\n\t\t\t\t<div class=\"elementor-widget-container\">\n\t\t\t\t\t\t\t\t\t\t\t\t\t\t\t<img decoding=\"async\" width=\"1200\" height=\"1600\" src=\"http:\/\/hiberniakindergarten.de\/wp-content\/uploads\/2021\/03\/IMG-20210316-WA0004-1.jpg\" class=\"attachment-large size-large wp-image-1422\" alt=\"\" srcset=\"http:\/\/hiberniakindergarten.de\/wp-content\/uploads\/2021\/03\/IMG-20210316-WA0004-1.jpg 1200w, http:\/\/hiberniakindergarten.de\/wp-content\/uploads\/2021\/03\/IMG-20210316-WA0004-1-768x1024.jpg 768w, http:\/\/hiberniakindergarten.de\/wp-content\/uploads\/2021\/03\/IMG-20210316-WA0004-1-1152x1536.jpg 1152w\" sizes=\"(max-width: 1200px) 100vw, 1200px\" \/>\t\t\t\t\t\t\t\t\t\t\t\t\t\t\t<\/div>\n\t\t\t\t<\/div>\n\t\t\t\t\t<\/div>\n\t\t<\/div>\n\t\t\t\t<div class=\"elementor-column elementor-col-33 elementor-top-column elementor-element elementor-element-75d2b5e\" data-id=\"75d2b5e\" data-element_type=\"column\" data-e-type=\"column\">\n\t\t\t<div class=\"elementor-widget-wrap elementor-element-populated\">\n\t\t\t\t\t\t<div class=\"elementor-element elementor-element-3b28ab5 elementor-widget elementor-widget-image\" data-id=\"3b28ab5\" data-element_type=\"widget\" data-e-type=\"widget\" data-widget_type=\"image.default\">\n\t\t\t\t<div class=\"elementor-widget-container\">\n\t\t\t\t\t\t\t\t\t\t\t\t\t\t\t<img decoding=\"async\" width=\"1200\" height=\"1600\" src=\"http:\/\/hiberniakindergarten.de\/wp-content\/uploads\/2021\/03\/IMG-20210316-WA0011.jpg\" class=\"attachment-large size-large wp-image-1395\" alt=\"\" srcset=\"http:\/\/hiberniakindergarten.de\/wp-content\/uploads\/2021\/03\/IMG-20210316-WA0011.jpg 1200w, http:\/\/hiberniakindergarten.de\/wp-content\/uploads\/2021\/03\/IMG-20210316-WA0011-768x1024.jpg 768w, http:\/\/hiberniakindergarten.de\/wp-content\/uploads\/2021\/03\/IMG-20210316-WA0011-1152x1536.jpg 1152w\" sizes=\"(max-width: 1200px) 100vw, 1200px\" \/>\t\t\t\t\t\t\t\t\t\t\t\t\t\t\t<\/div>\n\t\t\t\t<\/div>\n\t\t\t\t\t<\/div>\n\t\t<\/div>\n\t\t\t\t<div class=\"elementor-column elementor-col-33 elementor-top-column elementor-element elementor-element-8220dc9\" data-id=\"8220dc9\" data-element_type=\"column\" data-e-type=\"column\">\n\t\t\t<div class=\"elementor-widget-wrap elementor-element-populated\">\n\t\t\t\t\t\t<div class=\"elementor-element elementor-element-675c7d4 elementor-widget elementor-widget-image\" data-id=\"675c7d4\" data-element_type=\"widget\" data-e-type=\"widget\" data-widget_type=\"image.default\">\n\t\t\t\t<div class=\"elementor-widget-container\">\n\t\t\t\t\t\t\t\t\t\t\t\t\t\t\t<img loading=\"lazy\" decoding=\"async\" width=\"1200\" height=\"1600\" src=\"http:\/\/hiberniakindergarten.de\/wp-content\/uploads\/2021\/03\/IMG-20210316-WA0007-1.jpg\" class=\"attachment-large size-large wp-image-1425\" alt=\"\" srcset=\"http:\/\/hiberniakindergarten.de\/wp-content\/uploads\/2021\/03\/IMG-20210316-WA0007-1.jpg 1200w, http:\/\/hiberniakindergarten.de\/wp-content\/uploads\/2021\/03\/IMG-20210316-WA0007-1-768x1024.jpg 768w, http:\/\/hiberniakindergarten.de\/wp-content\/uploads\/2021\/03\/IMG-20210316-WA0007-1-1152x1536.jpg 1152w\" sizes=\"(max-width: 1200px) 100vw, 1200px\" \/>\t\t\t\t\t\t\t\t\t\t\t\t\t\t\t<\/div>\n\t\t\t\t<\/div>\n\t\t\t\t\t<\/div>\n\t\t<\/div>\n\t\t\t\t\t<\/div>\n\t\t<\/section>\n\t\t\t\t<\/div>\n\t\t","protected":false},"excerpt":{"rendered":"<p>Der Hibernia Kindergarten Der Hibernia-Kindergarten ist eine waldorfp\u00e4dagogische Einrichtung, in der Kinder vor der Schulreife in einer kindgerechten Atmosph\u00e4re den Tages-, Wochen- und Jahreslauf erleben. Die Erzieher orientieren sich dabei stark an der Natur mit den verschiedenen Jahreszeiten und Festen. F\u00f6rderung der Phantasie Wir verstehen unsere Aufgabe darin, den Kindern einen wesens- und altersgem\u00e4\u00dfen Entwicklungsraum [&hellip;]<\/p>\n","protected":false},"author":1,"featured_media":0,"parent":0,"menu_order":0,"comment_status":"closed","ping_status":"open","template":"","meta":{"footnotes":""},"class_list":["post-321","page","type-page","status-publish","hentry"],"_links":{"self":[{"href":"https:\/\/hiberniakindergarten.de\/index.php?rest_route=\/wp\/v2\/pages\/321","targetHints":{"allow":["GET"]}}],"collection":[{"href":"https:\/\/hiberniakindergarten.de\/index.php?rest_route=\/wp\/v2\/pages"}],"about":[{"href":"https:\/\/hiberniakindergarten.de\/index.php?rest_route=\/wp\/v2\/types\/page"}],"author":[{"embeddable":true,"href":"https:\/\/hiberniakindergarten.de\/index.php?rest_route=\/wp\/v2\/users\/1"}],"replies":[{"embeddable":true,"href":"https:\/\/hiberniakindergarten.de\/index.php?rest_route=%2Fwp%2Fv2%2Fcomments&post=321"}],"version-history":[{"count":163,"href":"https:\/\/hiberniakindergarten.de\/index.php?rest_route=\/wp\/v2\/pages\/321\/revisions"}],"predecessor-version":[{"id":2584,"href":"https:\/\/hiberniakindergarten.de\/index.php?rest_route=\/wp\/v2\/pages\/321\/revisions\/2584"}],"wp:attachment":[{"href":"https:\/\/hiberniakindergarten.de\/index.php?rest_route=%2Fwp%2Fv2%2Fmedia&parent=321"}],"curies":[{"name":"wp","href":"https:\/\/api.w.org\/{rel}","templated":true}]}}